{"id":88,"date":"2020-09-27T11:13:52","date_gmt":"2020-09-27T09:13:52","guid":{"rendered":"https:\/\/etno-rewitalizacje.lodzjews.org\/?page_id=88"},"modified":"2022-05-02T20:50:13","modified_gmt":"2022-05-02T18:50:13","slug":"partnerzy-2020","status":"publish","type":"page","link":"https:\/\/etno-rewitalizacje.lodzjews.org\/?page_id=88","title":{"rendered":"Partnerzy 2020"},"content":{"rendered":"\n<p class=\"has-black-color has-text-color has-normal-font-size\">Serdecznie dzi\u0119kujemy za wsparcie przy realizacji niniejszego projektu. <\/p>\n\n\n\n<p> <\/p>\n\n\n\n<figure class=\"wp-block-image size-large\"><img loading=\"lazy\" width=\"1024\" height=\"263\" src=\"https:\/\/etno-rewitalizacje.lodzjews.org\/wp-content\/uploads\/2020\/10\/2020-NCK_dofinans_etnopolska-RGB-1-1024x263.jpg\" alt=\"\" class=\"wp-image-104\" srcset=\"https:\/\/etno-rewitalizacje.lodzjews.org\/wp-content\/uploads\/2020\/10\/2020-NCK_dofinans_etnopolska-RGB-1-1024x263.jpg 1024w, https:\/\/etno-rewitalizacje.lodzjews.org\/wp-content\/uploads\/2020\/10\/2020-NCK_dofinans_etnopolska-RGB-1-300x77.jpg 300w, https:\/\/etno-rewitalizacje.lodzjews.org\/wp-content\/uploads\/2020\/10\/2020-NCK_dofinans_etnopolska-RGB-1-768x197.jpg 768w, https:\/\/etno-rewitalizacje.lodzjews.org\/wp-content\/uploads\/2020\/10\/2020-NCK_dofinans_etnopolska-RGB-1-228x58.jpg 228w, https:\/\/etno-rewitalizacje.lodzjews.org\/wp-content\/uploads\/2020\/10\/2020-NCK_dofinans_etnopolska-RGB-1.jpg 1326w\" sizes=\"(max-width: 1024px) 100vw, 1024px\" \/><\/figure>\n\n\n\n<p>           <\/p>\n\n\n\n<p class=\"has-black-color has-text-color has-normal-font-size\">A tak\u017ce: <\/p>\n\n\n\n<p><\/p>\n\n\n\n<div class=\"wp-block-image\"><figure class=\"aligncenter size-large is-resized\"><a href=\"https:\/\/www.mdk-zdunskawola.pl\/\" target=\"_blank\" rel=\"noopener noreferrer\"><img loading=\"lazy\" src=\"https:\/\/etno-rewitalizacje.lodzjews.org\/wp-content\/uploads\/2020\/09\/logo-MDK2-1024x218.png\" alt=\"\" class=\"wp-image-80\" width=\"256\" height=\"55\" srcset=\"https:\/\/etno-rewitalizacje.lodzjews.org\/wp-content\/uploads\/2020\/09\/logo-MDK2-1024x218.png 1024w, https:\/\/etno-rewitalizacje.lodzjews.org\/wp-content\/uploads\/2020\/09\/logo-MDK2-300x64.png 300w, https:\/\/etno-rewitalizacje.lodzjews.org\/wp-content\/uploads\/2020\/09\/logo-MDK2-768x164.png 768w, https:\/\/etno-rewitalizacje.lodzjews.org\/wp-content\/uploads\/2020\/09\/logo-MDK2-1536x327.png 1536w, https:\/\/etno-rewitalizacje.lodzjews.org\/wp-content\/uploads\/2020\/09\/logo-MDK2-2048x436.png 2048w, https:\/\/etno-rewitalizacje.lodzjews.org\/wp-content\/uploads\/2020\/09\/logo-MDK2-228x49.png 228w\" sizes=\"(max-width: 256px) 100vw, 256px\" \/><\/a><\/figure><\/div>\n\n\n\n<p>   <\/p>\n\n\n\n<div class=\"wp-block-image\"><figure class=\"aligncenter size-large is-resized\"><a href=\"https:\/\/muzeumzdunskawola.pl\/\" target=\"_blank\" rel=\"noopener noreferrer\"><img loading=\"lazy\" src=\"https:\/\/etno-rewitalizacje.lodzjews.org\/wp-content\/uploads\/2020\/09\/Logo-MHMZW-kopia-1024x461.jpg\" alt=\"\" class=\"wp-image-82\" width=\"256\" height=\"115\" srcset=\"https:\/\/etno-rewitalizacje.lodzjews.org\/wp-content\/uploads\/2020\/09\/Logo-MHMZW-kopia-1024x461.jpg 1024w, https:\/\/etno-rewitalizacje.lodzjews.org\/wp-content\/uploads\/2020\/09\/Logo-MHMZW-kopia-300x135.jpg 300w, https:\/\/etno-rewitalizacje.lodzjews.org\/wp-content\/uploads\/2020\/09\/Logo-MHMZW-kopia-768x345.jpg 768w, https:\/\/etno-rewitalizacje.lodzjews.org\/wp-content\/uploads\/2020\/09\/Logo-MHMZW-kopia-228x103.jpg 228w, https:\/\/etno-rewitalizacje.lodzjews.org\/wp-content\/uploads\/2020\/09\/Logo-MHMZW-kopia.jpg 1096w\" sizes=\"(max-width: 256px) 100vw, 256px\" \/><\/a><\/figure><\/div>\n\n\n\n<p>      <\/p>\n\n\n\n<div class=\"wp-block-image\"><figure class=\"aligncenter size-large is-resized\"><a href=\"https:\/\/laskidomkultury.com.pl\/\" target=\"_blank\" rel=\"noopener noreferrer\"><img loading=\"lazy\" src=\"https:\/\/etno-rewitalizacje.lodzjews.org\/wp-content\/uploads\/2020\/10\/ldk_logo.jpg\" alt=\"\" class=\"wp-image-111\" width=\"180\" height=\"84\" srcset=\"https:\/\/etno-rewitalizacje.lodzjews.org\/wp-content\/uploads\/2020\/10\/ldk_logo.jpg 360w, https:\/\/etno-rewitalizacje.lodzjews.org\/wp-content\/uploads\/2020\/10\/ldk_logo-300x140.jpg 300w, https:\/\/etno-rewitalizacje.lodzjews.org\/wp-content\/uploads\/2020\/10\/ldk_logo-228x106.jpg 228w\" sizes=\"(max-width: 180px) 100vw, 180px\" \/><\/a><figcaption>     <\/figcaption><\/figure><\/div>\n\n\n\n<div class=\"wp-block-image\"><figure class=\"aligncenter size-large is-resized\"><img loading=\"lazy\" src=\"https:\/\/etno-rewitalizacje.lodzjews.org\/wp-content\/uploads\/2020\/09\/fundacja_logotyp.jpg\" alt=\"\" class=\"wp-image-86\" width=\"248\" height=\"178\" srcset=\"https:\/\/etno-rewitalizacje.lodzjews.org\/wp-content\/uploads\/2020\/09\/fundacja_logotyp.jpg 992w, https:\/\/etno-rewitalizacje.lodzjews.org\/wp-content\/uploads\/2020\/09\/fundacja_logotyp-300x215.jpg 300w, https:\/\/etno-rewitalizacje.lodzjews.org\/wp-content\/uploads\/2020\/09\/fundacja_logotyp-768x550.jpg 768w, https:\/\/etno-rewitalizacje.lodzjews.org\/wp-content\/uploads\/2020\/09\/fundacja_logotyp-162x116.jpg 162w\" sizes=\"(max-width: 248px) 100vw, 248px\" \/><\/figure><\/div>\n\n\n\n<p class=\"has-text-align-center has-medium-font-size\"><strong>DZI\u0118KUJEMY<\/strong><\/p>\n","protected":false},"excerpt":{"rendered":"<p>Serdecznie dzi\u0119kujemy za wsparcie przy realizacji niniejszego projektu. A tak\u017ce: DZI\u0118KUJEMY<\/p>\n","protected":false},"author":1,"featured_media":0,"parent":0,"menu_order":0,"comment_status":"closed","ping_status":"closed","template":"page-templates\/no-sidebar.php","meta":[],"_links":{"self":[{"href":"https:\/\/etno-rewitalizacje.lodzjews.org\/index.php?rest_route=\/wp\/v2\/pages\/88"}],"collection":[{"href":"https:\/\/etno-rewitalizacje.lodzjews.org\/index.php?rest_route=\/wp\/v2\/pages"}],"about":[{"href":"https:\/\/etno-rewitalizacje.lodzjews.org\/index.php?rest_route=\/wp\/v2\/types\/page"}],"author":[{"embeddable":true,"href":"https:\/\/etno-rewitalizacje.lodzjews.org\/index.php?rest_route=\/wp\/v2\/users\/1"}],"replies":[{"embeddable":true,"href":"https:\/\/etno-rewitalizacje.lodzjews.org\/index.php?rest_route=%2Fwp%2Fv2%2Fcomments&post=88"}],"version-history":[{"count":15,"href":"https:\/\/etno-rewitalizacje.lodzjews.org\/index.php?rest_route=\/wp\/v2\/pages\/88\/revisions"}],"predecessor-version":[{"id":407,"href":"https:\/\/etno-rewitalizacje.lodzjews.org\/index.php?rest_route=\/wp\/v2\/pages\/88\/revisions\/407"}],"wp:attachment":[{"href":"https:\/\/etno-rewitalizacje.lodzjews.org\/index.php?rest_route=%2Fwp%2Fv2%2Fmedia&parent=88"}],"curies":[{"name":"wp","href":"https:\/\/api.w.org\/{rel}","templated":true}]}}