{"id":806,"date":"2025-10-16T21:06:52","date_gmt":"2025-10-16T19:06:52","guid":{"rendered":"https:\/\/etno-rewitalizacje.lodzjews.org\/?page_id=806"},"modified":"2025-10-16T22:19:50","modified_gmt":"2025-10-16T20:19:50","slug":"partnerzy-2025","status":"publish","type":"page","link":"https:\/\/etno-rewitalizacje.lodzjews.org\/?page_id=806","title":{"rendered":"Partnerzy 2025"},"content":{"rendered":"\n<h5 class=\"has-text-align-center\">Serdecznie dzi\u0119kujemy za wsparcie przy realizacji niniejszego projektu w roku 2025<\/h5>\n\n\n\n<div class=\"wp-block-image\"><figure class=\"aligncenter size-large\"><img loading=\"lazy\" width=\"1024\" height=\"330\" src=\"https:\/\/etno-rewitalizacje.lodzjews.org\/wp-content\/uploads\/2025\/10\/2025_NCK_dofinans_etnoplska_RGB-1024x330.jpg\" alt=\"\" class=\"wp-image-807\" srcset=\"https:\/\/etno-rewitalizacje.lodzjews.org\/wp-content\/uploads\/2025\/10\/2025_NCK_dofinans_etnoplska_RGB-1024x330.jpg 1024w, https:\/\/etno-rewitalizacje.lodzjews.org\/wp-content\/uploads\/2025\/10\/2025_NCK_dofinans_etnoplska_RGB-300x97.jpg 300w, https:\/\/etno-rewitalizacje.lodzjews.org\/wp-content\/uploads\/2025\/10\/2025_NCK_dofinans_etnoplska_RGB-768x247.jpg 768w, https:\/\/etno-rewitalizacje.lodzjews.org\/wp-content\/uploads\/2025\/10\/2025_NCK_dofinans_etnoplska_RGB-1536x494.jpg 1536w, https:\/\/etno-rewitalizacje.lodzjews.org\/wp-content\/uploads\/2025\/10\/2025_NCK_dofinans_etnoplska_RGB-2048x659.jpg 2048w, https:\/\/etno-rewitalizacje.lodzjews.org\/wp-content\/uploads\/2025\/10\/2025_NCK_dofinans_etnoplska_RGB-228x73.jpg 228w\" sizes=\"(max-width: 1024px) 100vw, 1024px\" \/><\/figure><\/div>\n\n\n\n<h5 class=\"has-text-align-center\">A tak\u017ce: <\/h5>\n\n\n\n<div class=\"wp-block-image\"><figure class=\"aligncenter size-large is-resized\"><img loading=\"lazy\" src=\"https:\/\/etno-rewitalizacje.lodzjews.org\/wp-content\/uploads\/2025\/10\/logo_biblio_Koluszki-2.jpg\" alt=\"\" class=\"wp-image-810\" width=\"360\" height=\"197\" srcset=\"https:\/\/etno-rewitalizacje.lodzjews.org\/wp-content\/uploads\/2025\/10\/logo_biblio_Koluszki-2.jpg 480w, https:\/\/etno-rewitalizacje.lodzjews.org\/wp-content\/uploads\/2025\/10\/logo_biblio_Koluszki-2-300x164.jpg 300w, https:\/\/etno-rewitalizacje.lodzjews.org\/wp-content\/uploads\/2025\/10\/logo_biblio_Koluszki-2-212x116.jpg 212w\" sizes=\"(max-width: 360px) 100vw, 360px\" \/><figcaption>Miejska Biblioteka Publiczna im. W\u0142adys\u0142awa Strzemi\u0144skiego w Koluszkach<\/figcaption><\/figure><\/div>\n\n\n\n<hr class=\"wp-block-separator\"\/>\n\n\n\n<h3 class=\"has-text-align-center has-black-color has-text-color\">Akademia Wieku Dojrza\u0142ego w Koluszkach<\/h3>\n\n\n\n<hr class=\"wp-block-separator\"\/>\n\n\n\n<div class=\"wp-block-image\"><figure class=\"aligncenter size-medium is-resized\"><img loading=\"lazy\" src=\"https:\/\/etno-rewitalizacje.lodzjews.org\/wp-content\/uploads\/2025\/10\/koluszki-1-300x286.png\" alt=\"\" class=\"wp-image-812\" width=\"225\" height=\"215\" srcset=\"https:\/\/etno-rewitalizacje.lodzjews.org\/wp-content\/uploads\/2025\/10\/koluszki-1-300x286.png 300w, https:\/\/etno-rewitalizacje.lodzjews.org\/wp-content\/uploads\/2025\/10\/koluszki-1-1024x976.png 1024w, https:\/\/etno-rewitalizacje.lodzjews.org\/wp-content\/uploads\/2025\/10\/koluszki-1-768x732.png 768w, https:\/\/etno-rewitalizacje.lodzjews.org\/wp-content\/uploads\/2025\/10\/koluszki-1-122x116.png 122w, https:\/\/etno-rewitalizacje.lodzjews.org\/wp-content\/uploads\/2025\/10\/koluszki-1.png 1150w\" sizes=\"(max-width: 225px) 100vw, 225px\" \/><figcaption>    Szko\u0142a Podstawowa nr 1 im. Tadeusza Ko\u015bciuszki w Koluszkach<\/figcaption><\/figure><\/div>\n\n\n\n<hr class=\"wp-block-separator\"\/>\n\n\n\n<h3 class=\"has-text-align-center has-black-color has-text-color\">Szko\u0142a Podstawowa nr 2 im. Marsza\u0142ka J\u00f3zefa Pi\u0142sudskiego w Kutnie<\/h3>\n\n\n\n<hr class=\"wp-block-separator\"\/>\n\n\n\n<div class=\"wp-block-image\"><figure class=\"aligncenter size-large is-resized\"><img loading=\"lazy\" src=\"https:\/\/etno-rewitalizacje.lodzjews.org\/wp-content\/uploads\/2025\/10\/Zrzut-ekranu-2025-10-16-o-21.08.30-1024x308.png\" alt=\"\" class=\"wp-image-813\" width=\"512\" height=\"154\" srcset=\"https:\/\/etno-rewitalizacje.lodzjews.org\/wp-content\/uploads\/2025\/10\/Zrzut-ekranu-2025-10-16-o-21.08.30-1024x308.png 1024w, https:\/\/etno-rewitalizacje.lodzjews.org\/wp-content\/uploads\/2025\/10\/Zrzut-ekranu-2025-10-16-o-21.08.30-300x90.png 300w, https:\/\/etno-rewitalizacje.lodzjews.org\/wp-content\/uploads\/2025\/10\/Zrzut-ekranu-2025-10-16-o-21.08.30-768x231.png 768w, https:\/\/etno-rewitalizacje.lodzjews.org\/wp-content\/uploads\/2025\/10\/Zrzut-ekranu-2025-10-16-o-21.08.30-1536x462.png 1536w, https:\/\/etno-rewitalizacje.lodzjews.org\/wp-content\/uploads\/2025\/10\/Zrzut-ekranu-2025-10-16-o-21.08.30-2048x616.png 2048w, https:\/\/etno-rewitalizacje.lodzjews.org\/wp-content\/uploads\/2025\/10\/Zrzut-ekranu-2025-10-16-o-21.08.30-228x69.png 228w\" sizes=\"(max-width: 512px) 100vw, 512px\" \/><figcaption>Stowarzyszenie Uniwersytet Trzeciego Wieku w Kutnie<\/figcaption><\/figure><\/div>\n\n\n\n<hr class=\"wp-block-separator\"\/>\n\n\n\n<h3 class=\"has-text-align-center has-black-color has-text-color\">Parafia Ewangelicko-Augsburska w Kutnie<\/h3>\n\n\n\n<hr class=\"wp-block-separator\"\/>\n\n\n\n<div class=\"wp-block-image\"><figure class=\"aligncenter size-large is-resized\"><img loading=\"lazy\" src=\"https:\/\/etno-rewitalizacje.lodzjews.org\/wp-content\/uploads\/2025\/10\/cropped-A_ANS_LOGO_wersjaB-1-1103x1080-1-1024x1003.png\" alt=\"\" class=\"wp-image-815\" width=\"256\" height=\"251\" srcset=\"https:\/\/etno-rewitalizacje.lodzjews.org\/wp-content\/uploads\/2025\/10\/cropped-A_ANS_LOGO_wersjaB-1-1103x1080-1-1024x1003.png 1024w, https:\/\/etno-rewitalizacje.lodzjews.org\/wp-content\/uploads\/2025\/10\/cropped-A_ANS_LOGO_wersjaB-1-1103x1080-1-300x294.png 300w, https:\/\/etno-rewitalizacje.lodzjews.org\/wp-content\/uploads\/2025\/10\/cropped-A_ANS_LOGO_wersjaB-1-1103x1080-1-768x752.png 768w, https:\/\/etno-rewitalizacje.lodzjews.org\/wp-content\/uploads\/2025\/10\/cropped-A_ANS_LOGO_wersjaB-1-1103x1080-1-118x116.png 118w, https:\/\/etno-rewitalizacje.lodzjews.org\/wp-content\/uploads\/2025\/10\/cropped-A_ANS_LOGO_wersjaB-1-1103x1080-1.png 1103w\" sizes=\"(max-width: 256px) 100vw, 256px\" \/><figcaption>Akademia Nauk Stosowanych Gospodarki Krajowej w Kutnie<\/figcaption><\/figure><\/div>\n\n\n\n<hr class=\"wp-block-separator\"\/>\n\n\n\n<div class=\"wp-block-image\"><figure class=\"aligncenter size-large is-resized\"><img loading=\"lazy\" src=\"https:\/\/etno-rewitalizacje.lodzjews.org\/wp-content\/uploads\/2025\/10\/biblioteka-w-Kutnie.png\" alt=\"\" class=\"wp-image-816\" width=\"266\" height=\"172\" srcset=\"https:\/\/etno-rewitalizacje.lodzjews.org\/wp-content\/uploads\/2025\/10\/biblioteka-w-Kutnie.png 266w, https:\/\/etno-rewitalizacje.lodzjews.org\/wp-content\/uploads\/2025\/10\/biblioteka-w-Kutnie-179x116.png 179w\" sizes=\"(max-width: 266px) 100vw, 266px\" \/><figcaption>    Miejska i Powiatowa Biblioteka Publiczna w Kutnie<br><\/figcaption><\/figure><\/div>\n\n\n\n<hr class=\"wp-block-separator\"\/>\n\n\n\n<h3 class=\"has-text-align-center\">Parafia Prawos\u0142awna Przemienienia Pa\u0144skiego w P\u0142ocku<\/h3>\n\n\n\n<hr class=\"wp-block-separator\"\/>\n\n\n\n<div class=\"wp-block-image\"><figure class=\"aligncenter size-large is-resized\"><img loading=\"lazy\" src=\"https:\/\/etno-rewitalizacje.lodzjews.org\/wp-content\/uploads\/2025\/10\/fundacja_logotyp-768x550-1.jpg\" alt=\"\" class=\"wp-image-817\" width=\"384\" height=\"275\" srcset=\"https:\/\/etno-rewitalizacje.lodzjews.org\/wp-content\/uploads\/2025\/10\/fundacja_logotyp-768x550-1.jpg 768w, https:\/\/etno-rewitalizacje.lodzjews.org\/wp-content\/uploads\/2025\/10\/fundacja_logotyp-768x550-1-300x215.jpg 300w, https:\/\/etno-rewitalizacje.lodzjews.org\/wp-content\/uploads\/2025\/10\/fundacja_logotyp-768x550-1-162x116.jpg 162w\" sizes=\"(max-width: 384px) 100vw, 384px\" \/><figcaption>   Fundacja Monumentum Iudaicum Lodzense <\/figcaption><\/figure><\/div>\n\n\n\n<p><\/p>\n","protected":false},"excerpt":{"rendered":"<p>Serdecznie dzi\u0119kujemy za wsparcie przy realizacji niniejszego projektu w roku 2025 A tak\u017ce: Akademia Wieku Dojrza\u0142ego w Koluszkach Szko\u0142a Podstawowa nr 2 im. Marsza\u0142ka J\u00f3zefa Pi\u0142sudskiego w Kutnie Parafia Ewangelicko-Augsburska w Kutnie Parafia Prawos\u0142awna Przemienienia Pa\u0144skiego w P\u0142ocku<\/p>\n","protected":false},"author":1,"featured_media":0,"parent":0,"menu_order":0,"comment_status":"closed","ping_status":"closed","template":"page-templates\/no-sidebar.php","meta":[],"_links":{"self":[{"href":"https:\/\/etno-rewitalizacje.lodzjews.org\/index.php?rest_route=\/wp\/v2\/pages\/806"}],"collection":[{"href":"https:\/\/etno-rewitalizacje.lodzjews.org\/index.php?rest_route=\/wp\/v2\/pages"}],"about":[{"href":"https:\/\/etno-rewitalizacje.lodzjews.org\/index.php?rest_route=\/wp\/v2\/types\/page"}],"author":[{"embeddable":true,"href":"https:\/\/etno-rewitalizacje.lodzjews.org\/index.php?rest_route=\/wp\/v2\/users\/1"}],"replies":[{"embeddable":true,"href":"https:\/\/etno-rewitalizacje.lodzjews.org\/index.php?rest_route=%2Fwp%2Fv2%2Fcomments&post=806"}],"version-history":[{"count":6,"href":"https:\/\/etno-rewitalizacje.lodzjews.org\/index.php?rest_route=\/wp\/v2\/pages\/806\/revisions"}],"predecessor-version":[{"id":831,"href":"https:\/\/etno-rewitalizacje.lodzjews.org\/index.php?rest_route=\/wp\/v2\/pages\/806\/revisions\/831"}],"wp:attachment":[{"href":"https:\/\/etno-rewitalizacje.lodzjews.org\/index.php?rest_route=%2Fwp%2Fv2%2Fmedia&parent=806"}],"curies":[{"name":"wp","href":"https:\/\/api.w.org\/{rel}","templated":true}]}}