{"id":400,"date":"2022-05-02T20:45:33","date_gmt":"2022-05-02T18:45:33","guid":{"rendered":"https:\/\/etno-rewitalizacje.lodzjews.org\/?page_id=400"},"modified":"2024-06-02T12:39:00","modified_gmt":"2024-06-02T10:39:00","slug":"archiwa-2020","status":"publish","type":"page","link":"https:\/\/etno-rewitalizacje.lodzjews.org\/?page_id=400","title":{"rendered":"Archiwa"},"content":{"rendered":"\n<p class=\"has-black-color has-text-color has-large-font-size\">  <br><strong>Archiwa 2022<\/strong><\/p>\n\n\n\n<p class=\"has-black-color has-text-color has-normal-font-size\">Poni\u017cej znajdziecie Pa\u0144stwo linki do materia\u0142\u00f3w z poprzedniej edycji projektu, kt\u00f3ra odby\u0142a si\u0119 w 2022 roku. <\/p>\n\n\n\n<p><\/p>\n\n\n\n<p><a href=\"https:\/\/etno-rewitalizacje.lodzjews.org\/?page_id=465\">Aktualno\u015bci 2022<\/a><\/p>\n\n\n\n<p><a href=\"https:\/\/etno-rewitalizacje.lodzjews.org\/?page_id=425\" data-type=\"page\" data-id=\"425\">Partnerzy 2022<\/a><\/p>\n\n\n\n<hr class=\"wp-block-separator\"\/>\n\n\n\n<p><\/p>\n\n\n\n<p class=\"has-black-color has-text-color has-large-font-size\">  <br><strong>Archiwa 2020<\/strong><\/p>\n\n\n\n<p class=\"has-black-color has-text-color has-normal-font-size\">Poni\u017cej znajdziecie Pa\u0144stwo linki do materia\u0142\u00f3w z poprzedniej edycji projektu, kt\u00f3ra odby\u0142a si\u0119 w 2020 roku. <\/p>\n\n\n\n<p><\/p>\n\n\n\n<p><a href=\"https:\/\/etno-rewitalizacje.lodzjews.org\/?page_id=172\" data-type=\"page\" data-id=\"172\">Aktualno\u015bci 2020<\/a><\/p>\n\n\n\n<p><a href=\"https:\/\/etno-rewitalizacje.lodzjews.org\/?page_id=147\" data-type=\"page\" data-id=\"147\">Zdu\u0144ska Wola<\/a><\/p>\n\n\n\n<p><a href=\"https:\/\/etno-rewitalizacje.lodzjews.org\/?page_id=134\" data-type=\"page\" data-id=\"134\">\u0141ask<\/a><\/p>\n\n\n\n<p><a href=\"https:\/\/etno-rewitalizacje.lodzjews.org\/?page_id=119\" data-type=\"page\" data-id=\"119\">Broszura<\/a><\/p>\n\n\n\n<p><a href=\"https:\/\/etno-rewitalizacje.lodzjews.org\/?page_id=88\" data-type=\"page\" data-id=\"88\">Partnerzy 2020<\/a><\/p>\n","protected":false},"excerpt":{"rendered":"<p>Archiwa 2022 Poni\u017cej znajdziecie Pa\u0144stwo linki do materia\u0142\u00f3w z poprzedniej edycji projektu, kt\u00f3ra odby\u0142a si\u0119 w 2022 roku. Aktualno\u015bci 2022 Partnerzy 2022 Archiwa 2020 Poni\u017cej znajdziecie Pa\u0144stwo linki do materia\u0142\u00f3w z poprzedniej edycji projektu, kt\u00f3ra odby\u0142a si\u0119 w 2020 roku. Aktualno\u015bci 2020 Zdu\u0144ska Wola \u0141ask Broszura Partnerzy 2020<\/p>\n","protected":false},"author":1,"featured_media":0,"parent":0,"menu_order":0,"comment_status":"closed","ping_status":"closed","template":"page-templates\/no-sidebar.php","meta":[],"_links":{"self":[{"href":"https:\/\/etno-rewitalizacje.lodzjews.org\/index.php?rest_route=\/wp\/v2\/pages\/400"}],"collection":[{"href":"https:\/\/etno-rewitalizacje.lodzjews.org\/index.php?rest_route=\/wp\/v2\/pages"}],"about":[{"href":"https:\/\/etno-rewitalizacje.lodzjews.org\/index.php?rest_route=\/wp\/v2\/types\/page"}],"author":[{"embeddable":true,"href":"https:\/\/etno-rewitalizacje.lodzjews.org\/index.php?rest_route=\/wp\/v2\/users\/1"}],"replies":[{"embeddable":true,"href":"https:\/\/etno-rewitalizacje.lodzjews.org\/index.php?rest_route=%2Fwp%2Fv2%2Fcomments&post=400"}],"version-history":[{"count":11,"href":"https:\/\/etno-rewitalizacje.lodzjews.org\/index.php?rest_route=\/wp\/v2\/pages\/400\/revisions"}],"predecessor-version":[{"id":612,"href":"https:\/\/etno-rewitalizacje.lodzjews.org\/index.php?rest_route=\/wp\/v2\/pages\/400\/revisions\/612"}],"wp:attachment":[{"href":"https:\/\/etno-rewitalizacje.lodzjews.org\/index.php?rest_route=%2Fwp%2Fv2%2Fmedia&parent=400"}],"curies":[{"name":"wp","href":"https:\/\/api.w.org\/{rel}","templated":true}]}}