{"id":35,"date":"2020-08-30T15:31:29","date_gmt":"2020-08-30T13:31:29","guid":{"rendered":"https:\/\/etno-rewitalizacje.lodzjews.org\/?page_id=35"},"modified":"2020-12-07T10:32:37","modified_gmt":"2020-12-07T09:32:37","slug":"kontakt","status":"publish","type":"page","link":"https:\/\/etno-rewitalizacje.lodzjews.org\/?page_id=35","title":{"rendered":"Kontakt"},"content":{"rendered":"\n<p>   <\/p>\n\n\n\n<h6 class=\"has-text-align-center has-medium-font-size\"><strong>Fundacja Monumentum Iudaicum Lodzense<\/strong><\/h6>\n\n\n\n<h6 class=\"has-text-align-center\"><br><span class=\"has-inline-color has-black-color\">ul. Pomorska 18, 91-416 \u0141\u00f3d\u017a<\/span><br><strong><span class=\"has-inline-color has-black-color\">Aleksandra Szychman<\/span><\/strong><\/h6>\n\n\n\n<p class=\"has-text-align-center\"><br><span class=\"has-inline-color has-black-color\">tel. 603&nbsp;919<strong> <\/strong>682, e-mail:<\/span> <a href=\"mailto:fundacja@lodzjews.org\" data-type=\"mailto\" data-id=\"mailto:fundacja@lodzjews.org\">fundacja@lodzjews.org<\/a><br>&nbsp;<\/p>\n\n\n\n<h6 class=\"has-text-align-center has-medium-font-size\"><br><strong>Pomys\u0142 i koordynacja<\/strong> <strong>merytoryczna<\/strong><\/h6>\n\n\n\n<h6 class=\"has-text-align-center has-medium-font-size\">Katarzyna To\u015bta<\/h6>\n\n\n\n<p class=\"has-text-align-center\"><span class=\"has-inline-color has-black-color\"><br>tel. 609 796 549, e-mail:<\/span> <a href=\"mailto:katarzyna.tosta@gmail.com\" data-type=\"mailto\" data-id=\"mailto:katarzyna.tosta@gmail.com\">katarzyna.tosta@gmail.com<\/a> <\/p>\n","protected":false},"excerpt":{"rendered":"<p>Fundacja Monumentum Iudaicum Lodzense ul. Pomorska 18, 91-416 \u0141\u00f3d\u017aAleksandra Szychman tel. 603&nbsp;919 682, e-mail: fundacja@lodzjews.org&nbsp; Pomys\u0142 i koordynacja merytoryczna Katarzyna To\u015bta tel. 609 796 549, e-mail: katarzyna.tosta@gmail.com<\/p>\n","protected":false},"author":1,"featured_media":0,"parent":0,"menu_order":0,"comment_status":"closed","ping_status":"closed","template":"page-templates\/no-sidebar.php","meta":[],"_links":{"self":[{"href":"https:\/\/etno-rewitalizacje.lodzjews.org\/index.php?rest_route=\/wp\/v2\/pages\/35"}],"collection":[{"href":"https:\/\/etno-rewitalizacje.lodzjews.org\/index.php?rest_route=\/wp\/v2\/pages"}],"about":[{"href":"https:\/\/etno-rewitalizacje.lodzjews.org\/index.php?rest_route=\/wp\/v2\/types\/page"}],"author":[{"embeddable":true,"href":"https:\/\/etno-rewitalizacje.lodzjews.org\/index.php?rest_route=\/wp\/v2\/users\/1"}],"replies":[{"embeddable":true,"href":"https:\/\/etno-rewitalizacje.lodzjews.org\/index.php?rest_route=%2Fwp%2Fv2%2Fcomments&post=35"}],"version-history":[{"count":13,"href":"https:\/\/etno-rewitalizacje.lodzjews.org\/index.php?rest_route=\/wp\/v2\/pages\/35\/revisions"}],"predecessor-version":[{"id":131,"href":"https:\/\/etno-rewitalizacje.lodzjews.org\/index.php?rest_route=\/wp\/v2\/pages\/35\/revisions\/131"}],"wp:attachment":[{"href":"https:\/\/etno-rewitalizacje.lodzjews.org\/index.php?rest_route=%2Fwp%2Fv2%2Fmedia&parent=35"}],"curies":[{"name":"wp","href":"https:\/\/api.w.org\/{rel}","templated":true}]}}