{"id":147,"date":"2020-12-08T20:59:36","date_gmt":"2020-12-08T19:59:36","guid":{"rendered":"https:\/\/etno-rewitalizacje.lodzjews.org\/?page_id=147"},"modified":"2020-12-08T21:02:09","modified_gmt":"2020-12-08T20:02:09","slug":"zdunska-wola","status":"publish","type":"page","link":"https:\/\/etno-rewitalizacje.lodzjews.org\/?page_id=147","title":{"rendered":"Zdu\u0144ska Wola"},"content":{"rendered":"\n<div class=\"wp-block-image\"><figure class=\"aligncenter size-large is-resized\"><img loading=\"lazy\" src=\"https:\/\/etno-rewitalizacje.lodzjews.org\/wp-content\/uploads\/2020\/12\/zd1-3-1024x625.jpg\" alt=\"\" class=\"wp-image-148\" width=\"512\" height=\"313\" srcset=\"https:\/\/etno-rewitalizacje.lodzjews.org\/wp-content\/uploads\/2020\/12\/zd1-3-1024x625.jpg 1024w, https:\/\/etno-rewitalizacje.lodzjews.org\/wp-content\/uploads\/2020\/12\/zd1-3-300x183.jpg 300w, https:\/\/etno-rewitalizacje.lodzjews.org\/wp-content\/uploads\/2020\/12\/zd1-3-768x468.jpg 768w, https:\/\/etno-rewitalizacje.lodzjews.org\/wp-content\/uploads\/2020\/12\/zd1-3-190x116.jpg 190w, https:\/\/etno-rewitalizacje.lodzjews.org\/wp-content\/uploads\/2020\/12\/zd1-3.jpg 1500w\" sizes=\"(max-width: 512px) 100vw, 512px\" \/><\/figure><\/div>\n\n\n\n<p class=\"has-text-align-center has-black-color has-text-color has-medium-font-size\"><strong>SZKO\u0141A EWANGELICKA, AL. KO\u015aCIUSZKI 3<\/strong><\/p>\n\n\n\n<p class=\"has-text-align-center has-black-color has-text-color has-normal-font-size\">Dwupi\u0119trowy dom parafialny zbudowany w 1895 r. Mie\u015bci\u0142 szko\u0142\u0119 ewangelick\u0105, mieszkania dla personelu ko\u015bcielnego oraz ochronk\u0119 dla dzieci w wieku 4-8 lat utworzon\u0105 w 1904 r. przez \u017con\u0119 \u00f3wczesnego pastora Edwarda Boernera (obecnie siedziba Pa\u0144stwowej Szko\u0142y Muzycznej I i II stopnia).<\/p>\n\n\n\n<hr class=\"wp-block-separator\"\/>\n\n\n\n<figure class=\"wp-block-gallery columns-2 is-cropped\"><ul class=\"blocks-gallery-grid\"><li class=\"blocks-gallery-item\"><figure><img loading=\"lazy\" width=\"637\" height=\"1024\" src=\"https:\/\/etno-rewitalizacje.lodzjews.org\/wp-content\/uploads\/2020\/12\/zd2-1-1-637x1024.jpg\" alt=\"\" data-id=\"159\" data-full-url=\"https:\/\/etno-rewitalizacje.lodzjews.org\/wp-content\/uploads\/2020\/12\/zd2-1-1-scaled.jpg\" data-link=\"https:\/\/etno-rewitalizacje.lodzjews.org\/?attachment_id=159\" class=\"wp-image-159\" srcset=\"https:\/\/etno-rewitalizacje.lodzjews.org\/wp-content\/uploads\/2020\/12\/zd2-1-1-637x1024.jpg 637w, https:\/\/etno-rewitalizacje.lodzjews.org\/wp-content\/uploads\/2020\/12\/zd2-1-1-187x300.jpg 187w, https:\/\/etno-rewitalizacje.lodzjews.org\/wp-content\/uploads\/2020\/12\/zd2-1-1-768x1234.jpg 768w, https:\/\/etno-rewitalizacje.lodzjews.org\/wp-content\/uploads\/2020\/12\/zd2-1-1-956x1536.jpg 956w, https:\/\/etno-rewitalizacje.lodzjews.org\/wp-content\/uploads\/2020\/12\/zd2-1-1-1275x2048.jpg 1275w, https:\/\/etno-rewitalizacje.lodzjews.org\/wp-content\/uploads\/2020\/12\/zd2-1-1-72x116.jpg 72w, https:\/\/etno-rewitalizacje.lodzjews.org\/wp-content\/uploads\/2020\/12\/zd2-1-1-scaled.jpg 1593w\" sizes=\"(max-width: 637px) 100vw, 637px\" \/><\/figure><\/li><li class=\"blocks-gallery-item\"><figure><img loading=\"lazy\" width=\"768\" height=\"1024\" src=\"https:\/\/etno-rewitalizacje.lodzjews.org\/wp-content\/uploads\/2020\/12\/zd2-2-1-768x1024.jpg\" alt=\"\" data-id=\"160\" data-full-url=\"https:\/\/etno-rewitalizacje.lodzjews.org\/wp-content\/uploads\/2020\/12\/zd2-2-1.jpg\" data-link=\"https:\/\/etno-rewitalizacje.lodzjews.org\/?attachment_id=160\" class=\"wp-image-160\" srcset=\"https:\/\/etno-rewitalizacje.lodzjews.org\/wp-content\/uploads\/2020\/12\/zd2-2-1-768x1024.jpg 768w, https:\/\/etno-rewitalizacje.lodzjews.org\/wp-content\/uploads\/2020\/12\/zd2-2-1-225x300.jpg 225w, https:\/\/etno-rewitalizacje.lodzjews.org\/wp-content\/uploads\/2020\/12\/zd2-2-1-1152x1536.jpg 1152w, https:\/\/etno-rewitalizacje.lodzjews.org\/wp-content\/uploads\/2020\/12\/zd2-2-1-87x116.jpg 87w, https:\/\/etno-rewitalizacje.lodzjews.org\/wp-content\/uploads\/2020\/12\/zd2-2-1.jpg 1500w\" sizes=\"(max-width: 768px) 100vw, 768px\" \/><\/figure><\/li><\/ul><\/figure>\n\n\n\n<p class=\"has-text-align-center has-black-color has-text-color has-medium-font-size\"><strong>KO\u015aCI\u00d3\u0141 EWANGELICKO-AUGSBURSKI, <\/strong><br><strong>AL. KO\u015aCIUSZKI 9<\/strong><\/p>\n\n\n\n<p class=\"has-black-color has-text-color has-normal-font-size\">Parafia ewangelicko-augsburska erygowana zosta\u0142a w 1827 roku. w 1861 roku rozpocz\u0119to zbieranie datk\u00f3w na budow\u0119 nowego ko\u015bcio\u0142a na placu przy ul. Zamkowej (ob. aleja Ko\u015bciuszki). Ko\u015bci\u00f3\u0142 wzniesiono w latach 1866-1868. w latach nast\u0119pnych zakupiono murowany dom,<br>w s\u0105siedztwie nowej \u015bwi\u0105tyni, na mieszkanie<br>dla duchownego.  <\/p>\n\n\n\n<p class=\"has-black-color has-text-color has-normal-font-size\">Po II wojnie \u015bwiatowej ko\u015bci\u00f3\u0142 s\u0142u\u017cy\u0142 jako ob\u00f3z przej\u015bciowy dla je\u0144c\u00f3w niemieckich. Po wyprowadzeniu je\u0144c\u00f3w administratorem ko\u015bcio\u0142a zosta\u0142a parafia rzymskokatolicka Wniebowzi\u0119cia Naj\u015bwi\u0119tszej Marii Panny. Ko\u015bci\u00f3\u0142 zosta\u0142 zwr\u00f3cony ewangelikom w 1952 r. Parafia funkcjonuje<br>do chwili obecnej<\/p>\n\n\n\n<hr class=\"wp-block-separator\"\/>\n\n\n\n<figure class=\"wp-block-gallery aligncenter columns-3 is-cropped\"><ul class=\"blocks-gallery-grid\"><li class=\"blocks-gallery-item\"><figure><img loading=\"lazy\" width=\"768\" height=\"1024\" src=\"https:\/\/etno-rewitalizacje.lodzjews.org\/wp-content\/uploads\/2020\/12\/zd5-1-1-768x1024.jpg\" alt=\"\" data-id=\"152\" data-full-url=\"https:\/\/etno-rewitalizacje.lodzjews.org\/wp-content\/uploads\/2020\/12\/zd5-1-1.jpg\" data-link=\"https:\/\/etno-rewitalizacje.lodzjews.org\/?attachment_id=152\" class=\"wp-image-152\" srcset=\"https:\/\/etno-rewitalizacje.lodzjews.org\/wp-content\/uploads\/2020\/12\/zd5-1-1-768x1024.jpg 768w, https:\/\/etno-rewitalizacje.lodzjews.org\/wp-content\/uploads\/2020\/12\/zd5-1-1-225x300.jpg 225w, https:\/\/etno-rewitalizacje.lodzjews.org\/wp-content\/uploads\/2020\/12\/zd5-1-1-1152x1536.jpg 1152w, https:\/\/etno-rewitalizacje.lodzjews.org\/wp-content\/uploads\/2020\/12\/zd5-1-1-87x116.jpg 87w, https:\/\/etno-rewitalizacje.lodzjews.org\/wp-content\/uploads\/2020\/12\/zd5-1-1.jpg 1500w\" sizes=\"(max-width: 768px) 100vw, 768px\" \/><\/figure><\/li><li class=\"blocks-gallery-item\"><figure><img loading=\"lazy\" width=\"768\" height=\"1024\" src=\"https:\/\/etno-rewitalizacje.lodzjews.org\/wp-content\/uploads\/2020\/12\/zd5-2-768x1024.jpg\" alt=\"\" data-id=\"153\" data-full-url=\"https:\/\/etno-rewitalizacje.lodzjews.org\/wp-content\/uploads\/2020\/12\/zd5-2-scaled.jpg\" data-link=\"https:\/\/etno-rewitalizacje.lodzjews.org\/?attachment_id=153\" class=\"wp-image-153\" srcset=\"https:\/\/etno-rewitalizacje.lodzjews.org\/wp-content\/uploads\/2020\/12\/zd5-2-768x1024.jpg 768w, https:\/\/etno-rewitalizacje.lodzjews.org\/wp-content\/uploads\/2020\/12\/zd5-2-225x300.jpg 225w, https:\/\/etno-rewitalizacje.lodzjews.org\/wp-content\/uploads\/2020\/12\/zd5-2-1152x1536.jpg 1152w, https:\/\/etno-rewitalizacje.lodzjews.org\/wp-content\/uploads\/2020\/12\/zd5-2-1536x2048.jpg 1536w, https:\/\/etno-rewitalizacje.lodzjews.org\/wp-content\/uploads\/2020\/12\/zd5-2-87x116.jpg 87w, https:\/\/etno-rewitalizacje.lodzjews.org\/wp-content\/uploads\/2020\/12\/zd5-2-scaled.jpg 1920w\" sizes=\"(max-width: 768px) 100vw, 768px\" \/><\/figure><\/li><li class=\"blocks-gallery-item\"><figure><img loading=\"lazy\" width=\"768\" height=\"1024\" src=\"https:\/\/etno-rewitalizacje.lodzjews.org\/wp-content\/uploads\/2020\/12\/zd5-3-768x1024.jpg\" alt=\"\" data-id=\"154\" data-full-url=\"https:\/\/etno-rewitalizacje.lodzjews.org\/wp-content\/uploads\/2020\/12\/zd5-3-scaled.jpg\" data-link=\"https:\/\/etno-rewitalizacje.lodzjews.org\/?attachment_id=154\" class=\"wp-image-154\" srcset=\"https:\/\/etno-rewitalizacje.lodzjews.org\/wp-content\/uploads\/2020\/12\/zd5-3-768x1024.jpg 768w, https:\/\/etno-rewitalizacje.lodzjews.org\/wp-content\/uploads\/2020\/12\/zd5-3-225x300.jpg 225w, https:\/\/etno-rewitalizacje.lodzjews.org\/wp-content\/uploads\/2020\/12\/zd5-3-1152x1536.jpg 1152w, https:\/\/etno-rewitalizacje.lodzjews.org\/wp-content\/uploads\/2020\/12\/zd5-3-1536x2048.jpg 1536w, https:\/\/etno-rewitalizacje.lodzjews.org\/wp-content\/uploads\/2020\/12\/zd5-3-87x116.jpg 87w, https:\/\/etno-rewitalizacje.lodzjews.org\/wp-content\/uploads\/2020\/12\/zd5-3-scaled.jpg 1920w\" sizes=\"(max-width: 768px) 100vw, 768px\" \/><\/figure><\/li><\/ul><\/figure>\n\n\n\n<p class=\"has-text-align-center has-black-color has-text-color has-medium-font-size\"><strong>CMENTARZ PRAWOS\u0141AWNY, UL. \u0141ASKA<\/strong><\/p>\n\n\n\n<p class=\"has-black-color has-text-color has-normal-font-size\">Cmentarz prawos\u0142awny by\u0142 kwater\u0105 na wielowyznaniowym cmentarzu rzymskokatolicko-ewangelickim. Zachowa\u0142y si\u0119 trzy obiekty prawos\u0142awne: g\u0142az z granitu bez inskrypcji z \u017celaznym krzy\u017cem na szczycie; piaskowcowy pomnik oficera Artamona Dimitriewicza Ko\u017cemiakina,<br>zm. w 1888 r.; neogotycki krzy\u017c z czarnego granitu na podstawie<br>z piaskowca \u2013 pomnik podpu\u0142kownika Dimitrija Wasiliewicza Modoliewskijego, zm. w 1907 r.<\/p>\n\n\n\n<hr class=\"wp-block-separator\"\/>\n\n\n\n<figure class=\"wp-block-gallery columns-3 is-cropped\"><ul class=\"blocks-gallery-grid\"><li class=\"blocks-gallery-item\"><figure><img loading=\"lazy\" width=\"1024\" height=\"768\" src=\"https:\/\/etno-rewitalizacje.lodzjews.org\/wp-content\/uploads\/2020\/12\/zd6-1-1024x768.jpg\" alt=\"\" data-id=\"155\" data-full-url=\"https:\/\/etno-rewitalizacje.lodzjews.org\/wp-content\/uploads\/2020\/12\/zd6-1.jpg\" data-link=\"https:\/\/etno-rewitalizacje.lodzjews.org\/?attachment_id=155\" class=\"wp-image-155\" srcset=\"https:\/\/etno-rewitalizacje.lodzjews.org\/wp-content\/uploads\/2020\/12\/zd6-1-1024x768.jpg 1024w, https:\/\/etno-rewitalizacje.lodzjews.org\/wp-content\/uploads\/2020\/12\/zd6-1-300x225.jpg 300w, https:\/\/etno-rewitalizacje.lodzjews.org\/wp-content\/uploads\/2020\/12\/zd6-1-768x576.jpg 768w, https:\/\/etno-rewitalizacje.lodzjews.org\/wp-content\/uploads\/2020\/12\/zd6-1-155x116.jpg 155w, https:\/\/etno-rewitalizacje.lodzjews.org\/wp-content\/uploads\/2020\/12\/zd6-1.jpg 1500w\" sizes=\"(max-width: 1024px) 100vw, 1024px\" \/><\/figure><\/li><li class=\"blocks-gallery-item\"><figure><img loading=\"lazy\" width=\"1024\" height=\"768\" src=\"https:\/\/etno-rewitalizacje.lodzjews.org\/wp-content\/uploads\/2020\/12\/zd6-2-1024x768.jpg\" alt=\"\" data-id=\"156\" data-full-url=\"https:\/\/etno-rewitalizacje.lodzjews.org\/wp-content\/uploads\/2020\/12\/zd6-2.jpg\" data-link=\"https:\/\/etno-rewitalizacje.lodzjews.org\/?attachment_id=156\" class=\"wp-image-156\" srcset=\"https:\/\/etno-rewitalizacje.lodzjews.org\/wp-content\/uploads\/2020\/12\/zd6-2-1024x768.jpg 1024w, https:\/\/etno-rewitalizacje.lodzjews.org\/wp-content\/uploads\/2020\/12\/zd6-2-300x225.jpg 300w, https:\/\/etno-rewitalizacje.lodzjews.org\/wp-content\/uploads\/2020\/12\/zd6-2-768x576.jpg 768w, https:\/\/etno-rewitalizacje.lodzjews.org\/wp-content\/uploads\/2020\/12\/zd6-2-155x116.jpg 155w, https:\/\/etno-rewitalizacje.lodzjews.org\/wp-content\/uploads\/2020\/12\/zd6-2.jpg 1500w\" sizes=\"(max-width: 1024px) 100vw, 1024px\" \/><\/figure><\/li><li class=\"blocks-gallery-item\"><figure><img loading=\"lazy\" width=\"1024\" height=\"644\" src=\"https:\/\/etno-rewitalizacje.lodzjews.org\/wp-content\/uploads\/2020\/12\/zd6-3-1024x644.jpg\" alt=\"\" data-id=\"157\" data-full-url=\"https:\/\/etno-rewitalizacje.lodzjews.org\/wp-content\/uploads\/2020\/12\/zd6-3.jpg\" data-link=\"https:\/\/etno-rewitalizacje.lodzjews.org\/?attachment_id=157\" class=\"wp-image-157\" srcset=\"https:\/\/etno-rewitalizacje.lodzjews.org\/wp-content\/uploads\/2020\/12\/zd6-3-1024x644.jpg 1024w, https:\/\/etno-rewitalizacje.lodzjews.org\/wp-content\/uploads\/2020\/12\/zd6-3-300x189.jpg 300w, https:\/\/etno-rewitalizacje.lodzjews.org\/wp-content\/uploads\/2020\/12\/zd6-3-768x483.jpg 768w, https:\/\/etno-rewitalizacje.lodzjews.org\/wp-content\/uploads\/2020\/12\/zd6-3-184x116.jpg 184w, https:\/\/etno-rewitalizacje.lodzjews.org\/wp-content\/uploads\/2020\/12\/zd6-3.jpg 1500w\" sizes=\"(max-width: 1024px) 100vw, 1024px\" \/><\/figure><\/li><\/ul><\/figure>\n\n\n\n<p class=\"has-text-align-center has-black-color has-text-color has-medium-font-size\"><strong>SYNAGOGA, UL. SIERADZKA 6<\/strong><\/p>\n\n\n\n<p class=\"has-black-color has-text-color has-normal-font-size\">Murowana synagoga zosta\u0142a zbudowana w 1858 r. wed\u0142ug projektu Benjamina Hillela, na miejscu wcze\u015bniejszej drewnianej bo\u017cnicy. W 1893 r. za rabina Lipmanowicza powi\u0119kszono i dobudowano skrzyd\u0142a od strony po\u0142udniowej. Podczas II wojny \u015bwiatowej Niemcy urz\u0105dzili w niej zak\u0142ad ku\u015bnierski lub stajni\u0119. Nast\u0119pnie Niemcy zburzyli budynek. Na bramie wej\u015bciowej PSS Spo\u0142em<br>przy ul. Sieradzkiej 6 znajduje si\u0119 tablica pami\u0105tkowo-informacyjna, informuj\u0105ca o tym, \u017ce przed II wojn\u0105 \u015bwiatow\u0105 znajdowa\u0142a si\u0119 tutaj synagoga.<\/p>\n","protected":false},"excerpt":{"rendered":"<p>SZKO\u0141A EWANGELICKA, AL. KO\u015aCIUSZKI 3 Dwupi\u0119trowy dom parafialny zbudowany w 1895 r. Mie\u015bci\u0142 szko\u0142\u0119 ewangelick\u0105, mieszkania dla personelu ko\u015bcielnego oraz ochronk\u0119 dla dzieci w wieku 4-8 lat utworzon\u0105 w 1904 r. przez \u017con\u0119 \u00f3wczesnego pastora Edwarda Boernera (obecnie siedziba Pa\u0144stwowej Szko\u0142y Muzycznej I i II stopnia). KO\u015aCI\u00d3\u0141 EWANGELICKO-AUGSBURSKI, AL. KO\u015aCIUSZKI 9 Parafia ewangelicko-augsburska erygowana zosta\u0142a<\/p>\n<div><a class=\"btn-filled btn\" href=\"https:\/\/etno-rewitalizacje.lodzjews.org\/?page_id=147\" title=\"Zdu\u0144ska Wola\">Read More<\/a><\/div>\n","protected":false},"author":1,"featured_media":0,"parent":0,"menu_order":0,"comment_status":"closed","ping_status":"closed","template":"page-templates\/no-sidebar.php","meta":[],"_links":{"self":[{"href":"https:\/\/etno-rewitalizacje.lodzjews.org\/index.php?rest_route=\/wp\/v2\/pages\/147"}],"collection":[{"href":"https:\/\/etno-rewitalizacje.lodzjews.org\/index.php?rest_route=\/wp\/v2\/pages"}],"about":[{"href":"https:\/\/etno-rewitalizacje.lodzjews.org\/index.php?rest_route=\/wp\/v2\/types\/page"}],"author":[{"embeddable":true,"href":"https:\/\/etno-rewitalizacje.lodzjews.org\/index.php?rest_route=\/wp\/v2\/users\/1"}],"replies":[{"embeddable":true,"href":"https:\/\/etno-rewitalizacje.lodzjews.org\/index.php?rest_route=%2Fwp%2Fv2%2Fcomments&post=147"}],"version-history":[{"count":3,"href":"https:\/\/etno-rewitalizacje.lodzjews.org\/index.php?rest_route=\/wp\/v2\/pages\/147\/revisions"}],"predecessor-version":[{"id":162,"href":"https:\/\/etno-rewitalizacje.lodzjews.org\/index.php?rest_route=\/wp\/v2\/pages\/147\/revisions\/162"}],"wp:attachment":[{"href":"https:\/\/etno-rewitalizacje.lodzjews.org\/index.php?rest_route=%2Fwp%2Fv2%2Fmedia&parent=147"}],"curies":[{"name":"wp","href":"https:\/\/api.w.org\/{rel}","templated":true}]}}